{"id":3483,"date":"2024-10-18T16:45:58","date_gmt":"2024-10-18T16:45:58","guid":{"rendered":"https:\/\/fremigny.compass-france.net\/seminars-events\/the-castle\/"},"modified":"2025-10-29T11:00:44","modified_gmt":"2025-10-29T11:00:44","slug":"the-castle","status":"publish","type":"page","link":"https:\/\/domaine-de-fremigny.com\/en\/seminars-events\/the-castle\/","title":{"rendered":"Ch\u00e2teau"},"content":{"rendered":"<p>[et_pb_section fb_built=&#8221;1&#8243; custom_padding_last_edited=&#8221;on|desktop&#8221; _builder_version=&#8221;4.27.2&#8243; _module_preset=&#8221;default&#8221; background_image=&#8221;https:\/\/domaine-de-fremigny.com\/wp-content\/uploads\/2024\/10\/Photo-parcour-de-sante-scaled.jpg&#8221; custom_margin=&#8221;-134px|15px||15px|false|false&#8221; custom_padding=&#8221;345px||0px||false|false&#8221; custom_padding_tablet=&#8221;234px||||false|false&#8221; custom_padding_phone=&#8221;214px||||false|false&#8221; custom_css_before=&#8221;content: &#8221;;||    position: absolute;||    top: 0;||    left: 0;||    right: 0;||    bottom: 0;||    background-color: var(&#8211;color3);||    opacity: 0.7;||    border-radius: 10px;&#8221; custom_css_main_element=&#8221;border-radius:10px&#8221; locked=&#8221;off&#8221; global_colors_info=&#8221;{}&#8221;][et_pb_row _builder_version=&#8221;4.24.2&#8243; _module_preset=&#8221;default&#8221; background_color=&#8221;#FFFFFF&#8221; positioning=&#8221;absolute&#8221; position_origin_a=&#8221;bottom_center&#8221; vertical_offset=&#8221;-80px&#8221; z_index=&#8221;5&#8243; width=&#8221;300px&#8221; width_tablet=&#8221;50%&#8221; width_phone=&#8221;65%&#8221; width_last_edited=&#8221;on|phone&#8221; custom_padding=&#8221;0px||0px||true|false&#8221; custom_css_main_element=&#8221;    display: flex;||    justify-content: center;||    align-items: center;&#8221; border_radii=&#8221;on|8px|8px|8px|8px&#8221; border_width_top=&#8221;5px&#8221; border_color_top=&#8221;#F7B856&#8243; box_shadow_style=&#8221;preset1&#8243; global_colors_info=&#8221;{}&#8221; border_width_top__hover=&#8221;5px&#8221; border_width_top__hover_enabled=&#8221;on|desktop&#8221;][et_pb_column type=&#8221;4_4&#8243; _builder_version=&#8221;4.24.2&#8243; _module_preset=&#8221;default&#8221; custom_css_main_element=&#8221;width:100% !important;||margin:0 !important;||background:#fff;||border-radius:5px 5px 0 0;||    overflow: hidden;||    padding-top: 30px;||    padding-right: 15px;||    padding-bottom: 30px;||    padding-left: 15px;||    display: flex;||    flex-wrap: wrap;||    gap: 20px 0px;||    max-width: fit-content !important;||    width: 100% !important;||    align-items: center;||    justify-content: center;&#8221; global_colors_info=&#8221;{}&#8221;][et_pb_blurb title=&#8221;@ET-DC@eyJkeW5hbWljIjp0cnVlLCJjb250ZW50IjoicG9zdF90aXRsZSIsInNldHRpbmdzIjp7ImJlZm9yZSI6IiIsImFmdGVyIjoiIn19@&#8221; content_max_width=&#8221;100%&#8221; _builder_version=&#8221;4.24.2&#8243; _dynamic_attributes=&#8221;title&#8221; _module_preset=&#8221;default&#8221; header_level=&#8221;h1&#8243; header_font=&#8221;|700|||||||&#8221; header_text_align=&#8221;center&#8221; header_font_size=&#8221;24px&#8221; header_line_height=&#8221;32px&#8221; custom_margin=&#8221;||0px||false|false&#8221; custom_css_main_element=&#8221;width:100%;&#8221; custom_css_blurb_title=&#8221;padding-bottom:0;||color:var(&#8211;color3);&#8221; global_colors_info=&#8221;{}&#8221;][\/et_pb_blurb][et_pb_text _builder_version=&#8221;4.27.2&#8243; _module_preset=&#8221;default&#8221; global_colors_info=&#8221;{}&#8221;]<\/p>\n<span><span><a href=\"https:\/\/domaine-de-fremigny.com\/en\/\">Accueil<\/a><\/span><\/span>\n<p>[\/et_pb_text][\/et_pb_column][\/et_pb_row][\/et_pb_section][et_pb_section fb_built=&#8221;1&#8243; custom_padding_last_edited=&#8221;on|phone&#8221; _builder_version=&#8221;4.27.2&#8243; _module_preset=&#8221;default&#8221; background_enable_color=&#8221;off&#8221; custom_padding=&#8221;180px||100px||false|false&#8221; custom_padding_tablet=&#8221;80px||80px||true|false&#8221; custom_padding_phone=&#8221;60px||60px||true|false&#8221; global_colors_info=&#8221;{}&#8221;][et_pb_row column_structure=&#8221;3_4,1_4&#8243; _builder_version=&#8221;4.24.2&#8243; _module_preset=&#8221;default&#8221; width=&#8221;90%&#8221; custom_padding=&#8221;0px||0px||true|false&#8221; global_colors_info=&#8221;{}&#8221;][et_pb_column type=&#8221;3_4&#8243; _builder_version=&#8221;4.24.2&#8243; _module_preset=&#8221;default&#8221; global_colors_info=&#8221;{}&#8221;][et_pb_image src=&#8221;https:\/\/domaine-de-fremigny.com\/wp-content\/uploads\/2024\/10\/Chateau-scaled.jpg&#8221; alt=&#8221;img-14&#8243; title_text=&#8221;Ch\u00e2teau&#8221; force_fullwidth=&#8221;on&#8221; _builder_version=&#8221;4.27.2&#8243; _module_preset=&#8221;default&#8221; custom_margin=&#8221;||30px||false|false&#8221; border_radii=&#8221;on|5px|5px|5px|5px&#8221; global_colors_info=&#8221;{}&#8221;][\/et_pb_image][et_pb_blurb title=&#8221;The castle&#8221; content_max_width=&#8221;100%&#8221; _builder_version=&#8221;4.27.2&#8243; _module_preset=&#8221;default&#8221; header_level=&#8221;h2&#8243; header_font=&#8221;|700|||||||&#8221; header_font_size=&#8221;36px&#8221; header_line_height=&#8221;48px&#8221; body_line_height=&#8221;26px&#8221; custom_margin=&#8221;||||false|false&#8221; custom_padding=&#8221;||||false|false&#8221; header_font_size_tablet=&#8221;30px&#8221; header_font_size_phone=&#8221;26px&#8221; header_font_size_last_edited=&#8221;on|tablet&#8221; header_line_height_tablet=&#8221;40px&#8221; header_line_height_phone=&#8221;36px&#8221; header_line_height_last_edited=&#8221;on|tablet&#8221; custom_css_blurb_title=&#8221;padding-bottom:30px;||color:var(&#8211;color3);&#8221; custom_css_blurb_content=&#8221;font-weight:400;||color:var(&#8211;color3);&#8221; locked=&#8221;off&#8221; global_colors_info=&#8221;{}&#8221;]<\/p>\n<p>The 18th-century ch\u00e2teau and its <strong>two modern wings<\/strong> house <strong>298 rooms<\/strong>:<\/p>\n<p>[\/et_pb_blurb][et_pb_blurb use_icon=&#8221;on&#8221; font_icon=&#8221;&#xf138;||fa||900&#8243; icon_placement=&#8221;left&#8221; image_icon_width=&#8221;20px&#8221; content_max_width=&#8221;100%&#8221; admin_label=&#8221;R\u00e9sum\u00e9&#8221; _builder_version=&#8221;4.27.2&#8243; _module_preset=&#8221;default&#8221; header_font=&#8221;Lato||||||||&#8221; header_text_align=&#8221;left&#8221; header_font_size=&#8221;16px&#8221; header_line_height=&#8221;19px&#8221; custom_margin=&#8221;||20px||false|false&#8221; locked=&#8221;off&#8221; global_colors_info=&#8221;{}&#8221;]<\/p>\n<p>40 meeting rooms<\/p>\n<p>[\/et_pb_blurb][et_pb_blurb use_icon=&#8221;on&#8221; font_icon=&#8221;&#xf138;||fa||900&#8243; icon_placement=&#8221;left&#8221; image_icon_width=&#8221;20px&#8221; content_max_width=&#8221;100%&#8221; admin_label=&#8221;R\u00e9sum\u00e9&#8221; _builder_version=&#8221;4.27.2&#8243; _module_preset=&#8221;default&#8221; header_font=&#8221;Lato||||||||&#8221; header_text_align=&#8221;left&#8221; header_font_size=&#8221;16px&#8221; header_line_height=&#8221;19px&#8221; custom_margin=&#8221;||20px||false|false&#8221; locked=&#8221;off&#8221; global_colors_info=&#8221;{}&#8221;]3 lounges for private dining[\/et_pb_blurb][et_pb_blurb use_icon=&#8221;on&#8221; font_icon=&#8221;&#xf138;||fa||900&#8243; icon_placement=&#8221;left&#8221; image_icon_width=&#8221;20px&#8221; content_max_width=&#8221;100%&#8221; admin_label=&#8221;R\u00e9sum\u00e9&#8221; _builder_version=&#8221;4.27.2&#8243; _module_preset=&#8221;default&#8221; header_font=&#8221;Lato||||||||&#8221; header_text_align=&#8221;left&#8221; header_font_size=&#8221;16px&#8221; header_line_height=&#8221;19px&#8221; custom_margin=&#8221;||20px||false|false&#8221; locked=&#8221;off&#8221; global_colors_info=&#8221;{}&#8221;]1 lounge bar[\/et_pb_blurb][et_pb_blurb use_icon=&#8221;on&#8221; font_icon=&#8221;&#xf138;||fa||900&#8243; icon_placement=&#8221;left&#8221; image_icon_width=&#8221;20px&#8221; content_max_width=&#8221;100%&#8221; admin_label=&#8221;R\u00e9sum\u00e9&#8221; _builder_version=&#8221;4.27.2&#8243; _module_preset=&#8221;default&#8221; header_font=&#8221;Lato||||||||&#8221; header_text_align=&#8221;left&#8221; header_font_size=&#8221;16px&#8221; header_line_height=&#8221;19px&#8221; custom_margin=&#8221;||20px||false|false&#8221; locked=&#8221;off&#8221; global_colors_info=&#8221;{}&#8221;]Buffet le Domaine restaurant [\/et_pb_blurb][et_pb_blurb use_icon=&#8221;on&#8221; font_icon=&#8221;&#xf138;||fa||900&#8243; icon_placement=&#8221;left&#8221; image_icon_width=&#8221;20px&#8221; content_max_width=&#8221;100%&#8221; admin_label=&#8221;R\u00e9sum\u00e9&#8221; _builder_version=&#8221;4.27.2&#8243; _module_preset=&#8221;default&#8221; header_font=&#8221;Lato||||||||&#8221; header_text_align=&#8221;left&#8221; header_font_size=&#8221;16px&#8221; header_line_height=&#8221;19px&#8221; custom_margin=&#8221;||20px||false|false&#8221; locked=&#8221;off&#8221; global_colors_info=&#8221;{}&#8221;]A Nespresso corner[\/et_pb_blurb][et_pb_blurb use_icon=&#8221;on&#8221; font_icon=&#8221;&#xf138;||fa||900&#8243; icon_placement=&#8221;left&#8221; image_icon_width=&#8221;20px&#8221; content_max_width=&#8221;100%&#8221; admin_label=&#8221;R\u00e9sum\u00e9&#8221; _builder_version=&#8221;4.27.2&#8243; _module_preset=&#8221;default&#8221; header_font=&#8221;Lato||||||||&#8221; header_text_align=&#8221;left&#8221; header_font_size=&#8221;16px&#8221; header_line_height=&#8221;19px&#8221; custom_margin=&#8221;||20px||false|false&#8221; locked=&#8221;off&#8221; global_colors_info=&#8221;{}&#8221;]Reception and luggage room[\/et_pb_blurb][\/et_pb_column][et_pb_column type=&#8221;1_4&#8243; _builder_version=&#8221;4.24.2&#8243; _module_preset=&#8221;default&#8221; global_colors_info=&#8221;{}&#8221;][et_pb_button button_url=&#8221;https:\/\/domaine-de-fremigny.com\/en\/seminars-events\/the-castle\/&#8221; button_text=&#8221;The castle&#8221; button_alignment=&#8221;center&#8221; disabled_on=&#8221;off|off|off&#8221; _builder_version=&#8221;4.27.2&#8243; _module_preset=&#8221;default&#8221; custom_button=&#8221;on&#8221; button_text_color=&#8221;#FFFFFF&#8221; button_bg_color=&#8221;#17494D&#8221; button_font=&#8221;|700|||||||&#8221; button_use_icon=&#8221;off&#8221; custom_margin=&#8221;||10px||false|false&#8221; custom_padding=&#8221;20px|17px|20px|17px|true|true&#8221; custom_css_main_element=&#8221;background: linear-gradient(90deg, var(&#8211;color2) 0%, var(&#8211;color2) 104%) !important;||line-height:19px !important;||    white-space: nowrap;||filter: drop-shadow(0px 6px 10px rgba(7, 30, 51, 0.15));||width:100%;&#8221; locked=&#8221;off&#8221; global_colors_info=&#8221;{}&#8221; custom_css_main_element_last_edited=&#8221;off|desktop&#8221; custom_css_main_element__hover_enabled=&#8221;on|hover&#8221; custom_css_main_element__hover=&#8221;background: linear-gradient(90deg, var(&#8211;color2) 0%, var(&#8211;color2) 104%) !important;||line-height:19px !important;||    white-space: nowrap;||filter: drop-shadow(0px 6px 10px rgba(7, 30, 51, 0.15));||width:100%;&#8221;][\/et_pb_button][et_pb_button button_url=&#8221;https:\/\/domaine-de-fremigny.com\/en\/seminars-events\/the-farm\/&#8221; button_text=&#8221;The farm&#8221; button_alignment=&#8221;center&#8221; disabled_on=&#8221;off|off|off&#8221; _builder_version=&#8221;4.27.2&#8243; _module_preset=&#8221;default&#8221; custom_button=&#8221;on&#8221; button_border_width=&#8221;0px&#8221; button_border_color=&#8221;#17494D&#8221; button_font=&#8221;|700|||||||&#8221; button_use_icon=&#8221;off&#8221; custom_margin=&#8221;||10px||false|false&#8221; custom_padding=&#8221;20px|17px|20px|17px|true|true&#8221; custom_css_main_element=&#8221;background: linear-gradient(90deg, #fff 0%, #fff 104%) !important;||line-height:19px !important;||    white-space: nowrap;||filter: drop-shadow(0px 6px 10px rgba(7, 30, 51, 0.15));||color:var(&#8211;color3) !important;||transition:all .5s ease;||width:100%;||&#8221; locked=&#8221;off&#8221; global_colors_info=&#8221;{}&#8221; custom_css_main_element_last_edited=&#8221;off|desktop&#8221; custom_css_main_element__hover_enabled=&#8221;on|hover&#8221; custom_css_main_element__hover=&#8221;background: linear-gradient(90deg, #fff 0%, #fff 104%) !important;||line-height:19px !important;||    white-space: nowrap;||filter: drop-shadow(0px 6px 10px rgba(7, 30, 51, 0.15));||color:var(&#8211;color3) !important;||transition:all .5s ease;||width:100%;||&#8221; button_border_width__hover=&#8221;0px&#8221; button_border_width__hover_enabled=&#8221;on|hover&#8221; button_border_color__hover=&#8221;#17494D&#8221; button_border_color__hover_enabled=&#8221;on|hover&#8221; button_text_color__hover=&#8221;#17494D&#8221; button_text_color__hover_enabled=&#8221;on|hover&#8221; button_bg_color__hover=&#8221;#000000&#8243; button_bg_color__hover_enabled=&#8221;on|hover&#8221; button_border_radius__hover_enabled=&#8221;on|hover&#8221;][\/et_pb_button][et_pb_button button_url=&#8221;https:\/\/domaine-de-fremigny.com\/en\/seminars-events\/le-club\/&#8221; button_text=&#8221;The club&#8221; button_alignment=&#8221;center&#8221; disabled_on=&#8221;off|off|off&#8221; admin_label=&#8221;Bouton&#8221; _builder_version=&#8221;4.27.2&#8243; _module_preset=&#8221;default&#8221; custom_button=&#8221;on&#8221; button_border_width=&#8221;0px&#8221; button_border_color=&#8221;#17494D&#8221; button_font=&#8221;|700|||||||&#8221; button_use_icon=&#8221;off&#8221; custom_margin=&#8221;||10px||false|false&#8221; custom_padding=&#8221;20px|17px|20px|17px|true|true&#8221; custom_css_main_element=&#8221;background: linear-gradient(90deg, #fff 0%, #fff 104%) !important;||line-height:19px !important;||    white-space: nowrap;||filter: drop-shadow(0px 6px 10px rgba(7, 30, 51, 0.15));||color:var(&#8211;color3) !important;||transition:all .5s ease;||width:100%;||&#8221; locked=&#8221;off&#8221; global_colors_info=&#8221;{}&#8221; custom_css_main_element_last_edited=&#8221;off|desktop&#8221; custom_css_main_element__hover_enabled=&#8221;on|hover&#8221; custom_css_main_element__hover=&#8221;background: linear-gradient(90deg, #fff 0%, #fff 104%) !important;||line-height:19px !important;||    white-space: nowrap;||filter: drop-shadow(0px 6px 10px rgba(7, 30, 51, 0.15));||color:var(&#8211;color3) !important;||transition:all .5s ease;||width:100%;||&#8221; button_border_width__hover=&#8221;0px&#8221; button_border_width__hover_enabled=&#8221;on|hover&#8221; button_border_color__hover=&#8221;#17494D&#8221; button_border_color__hover_enabled=&#8221;on|hover&#8221; button_text_color__hover=&#8221;#17494D&#8221; button_text_color__hover_enabled=&#8221;on|hover&#8221; button_bg_color__hover=&#8221;#000000&#8243; button_bg_color__hover_enabled=&#8221;on|hover&#8221; button_border_radius__hover_enabled=&#8221;on|hover&#8221;][\/et_pb_button][\/et_pb_column][\/et_pb_row][et_pb_row _builder_version=&#8221;4.27.2&#8243; _module_preset=&#8221;default&#8221; global_colors_info=&#8221;{}&#8221;][et_pb_column type=&#8221;4_4&#8243; _builder_version=&#8221;4.27.2&#8243; _module_preset=&#8221;default&#8221; global_colors_info=&#8221;{}&#8221;][et_pb_blurb content_max_width=&#8221;100%&#8221; _builder_version=&#8221;4.24.2&#8243; _module_preset=&#8221;default&#8221; header_level=&#8221;h5&#8243; header_font=&#8221;|700|||||||&#8221; header_font_size=&#8221;24px&#8221; header_line_height=&#8221;30px&#8221; body_line_height=&#8221;26px&#8221; custom_margin=&#8221;||0px||false|false&#8221; custom_padding=&#8221;||0px||false|false&#8221; header_font_size_tablet=&#8221;24px&#8221; header_font_size_phone=&#8221;24px&#8221; header_font_size_last_edited=&#8221;on|phone&#8221; header_line_height_tablet=&#8221;30px&#8221; header_line_height_phone=&#8221;30px&#8221; header_line_height_last_edited=&#8221;on|desktop&#8221; custom_css_blurb_title=&#8221;padding-bottom:30px;||color:var(&#8211;color3);&#8221; custom_css_blurb_content=&#8221;font-weight:400;||color:var(&#8211;color3);&#8221; locked=&#8221;off&#8221; global_colors_info=&#8221;{}&#8221;][\/et_pb_blurb][et_pb_blurb title=&#8221;In pictures&#8221; content_max_width=&#8221;100%&#8221; _builder_version=&#8221;4.27.2&#8243; _module_preset=&#8221;default&#8221; header_level=&#8221;h3&#8243; header_font=&#8221;&#8211;et_global_heading_font|700|||||||&#8221; body_line_height=&#8221;26px&#8221; custom_margin=&#8221;||||false|false&#8221; custom_padding=&#8221;||||false|false&#8221; header_font_size_tablet=&#8221;30px&#8221; header_font_size_phone=&#8221;26px&#8221; header_font_size_last_edited=&#8221;on|tablet&#8221; header_line_height_tablet=&#8221;40px&#8221; header_line_height_phone=&#8221;36px&#8221; header_line_height_last_edited=&#8221;on|tablet&#8221; custom_css_blurb_title=&#8221;padding-bottom:30px;||color:var(&#8211;color3);&#8221; custom_css_blurb_content=&#8221;font-weight:400;||color:var(&#8211;color3);&#8221; locked=&#8221;off&#8221; global_colors_info=&#8221;{}&#8221;][\/et_pb_blurb][et_pb_gallery gallery_ids=&#8221;3978,3968,3972,3984,3740,3741,3742,3743,3744,3745,3746,3747,3748,3749,3750,3751,3752,3753,3754,3857&#8243; orientation=&#8221;portrait&#8221; show_title_and_caption=&#8221;off&#8221; admin_label=&#8221;Gallery&#8221; _builder_version=&#8221;4.27.4&#8243; _module_preset=&#8221;default&#8221; hover_enabled=&#8221;0&#8243; border_radii_image=&#8221;on|10px|10px|10px|10px&#8221; global_colors_info=&#8221;{}&#8221; sticky_enabled=&#8221;0&#8243;][\/et_pb_gallery][\/et_pb_column][\/et_pb_row][\/et_pb_section]<\/p>\n","protected":false},"excerpt":{"rendered":"<p><span><span><a href=\"https:\/\/domaine-de-fremigny.com\/en\/\">Accueil<\/a><\/span><\/span>The 18th-century ch\u00e2teau and its two modern wings house 298 rooms:40 meeting rooms3 lounges for private dining1 lounge barBuffet le Domaine restaurant A Nespresso cornerReception and luggage room<\/p>\n","protected":false},"author":2,"featured_media":0,"parent":3322,"menu_order":0,"comment_status":"closed","ping_status":"closed","template":"","meta":{"_et_pb_use_builder":"on","_et_pb_old_content":"","_et_gb_content_width":"","footnotes":""},"class_list":["post-3483","page","type-page","status-publish","hentry"],"yoast_head":"<!-- This site is optimized with the Yoast SEO plugin v26.7 - https:\/\/yoast.com\/wordpress\/plugins\/seo\/ -->\n<title>Ch\u00e2teau - Domaine de Fr\u00e9migny<\/title>\n<meta name=\"robots\" content=\"index, follow, max-snippet:-1, max-image-preview:large, max-video-preview:-1\" \/>\n<link rel=\"canonical\" href=\"https:\/\/domaine-de-fremigny.com\/espace-travail\/le-chateau\/\" \/>\n<meta property=\"og:locale\" content=\"en_US\" \/>\n<meta property=\"og:type\" content=\"article\" \/>\n<meta property=\"og:title\" content=\"Ch\u00e2teau - Domaine de Fr\u00e9migny\" \/>\n<meta property=\"og:description\" content=\"The 18th-century ch\u00e2teau and its two modern wings house 298 rooms:40 meeting rooms3 lounges for private dining1 lounge barBuffet le Domaine restaurant A Nespresso cornerReception and luggage room\" \/>\n<meta property=\"og:url\" content=\"https:\/\/domaine-de-fremigny.com\/espace-travail\/le-chateau\/\" \/>\n<meta property=\"og:site_name\" content=\"Domaine de Fr\u00e9migny\" \/>\n<meta property=\"article:modified_time\" content=\"2025-10-29T11:00:44+00:00\" \/>\n<meta name=\"twitter:card\" content=\"summary_large_image\" \/>\n<meta name=\"twitter:label1\" content=\"Est. reading time\" \/>\n\t<meta name=\"twitter:data1\" content=\"9 minutes\" \/>\n<script type=\"application\/ld+json\" class=\"yoast-schema-graph\">{\"@context\":\"https:\/\/schema.org\",\"@graph\":[{\"@type\":\"WebPage\",\"@id\":\"https:\/\/domaine-de-fremigny.com\/espace-travail\/le-chateau\/\",\"url\":\"https:\/\/domaine-de-fremigny.com\/espace-travail\/le-chateau\/\",\"name\":\"Ch\u00e2teau - Domaine de Fr\u00e9migny\",\"isPartOf\":{\"@id\":\"https:\/\/domaine-de-fremigny.com\/#website\"},\"datePublished\":\"2024-10-18T16:45:58+00:00\",\"dateModified\":\"2025-10-29T11:00:44+00:00\",\"breadcrumb\":{\"@id\":\"https:\/\/domaine-de-fremigny.com\/espace-travail\/le-chateau\/#breadcrumb\"},\"inLanguage\":\"en-US\",\"potentialAction\":[{\"@type\":\"ReadAction\",\"target\":[\"https:\/\/domaine-de-fremigny.com\/espace-travail\/le-chateau\/\"]}]},{\"@type\":\"BreadcrumbList\",\"@id\":\"https:\/\/domaine-de-fremigny.com\/espace-travail\/le-chateau\/#breadcrumb\",\"itemListElement\":[{\"@type\":\"ListItem\",\"position\":1,\"name\":\"Accueil\",\"item\":\"https:\/\/domaine-de-fremigny.com\/en\/\"},{\"@type\":\"ListItem\",\"position\":2,\"name\":\"Seminars &amp; events\",\"item\":\"https:\/\/domaine-de-fremigny.com\/en\/seminars-events\/\"},{\"@type\":\"ListItem\",\"position\":3,\"name\":\"Ch\u00e2teau\"}]},{\"@type\":\"WebSite\",\"@id\":\"https:\/\/domaine-de-fremigny.com\/#website\",\"url\":\"https:\/\/domaine-de-fremigny.com\/\",\"name\":\"Domaine de Fr\u00e9migny\",\"description\":\"\",\"potentialAction\":[{\"@type\":\"SearchAction\",\"target\":{\"@type\":\"EntryPoint\",\"urlTemplate\":\"https:\/\/domaine-de-fremigny.com\/?s={search_term_string}\"},\"query-input\":{\"@type\":\"PropertyValueSpecification\",\"valueRequired\":true,\"valueName\":\"search_term_string\"}}],\"inLanguage\":\"en-US\"}]}<\/script>\n<!-- \/ Yoast SEO plugin. -->","yoast_head_json":{"title":"Ch\u00e2teau - Domaine de Fr\u00e9migny","robots":{"index":"index","follow":"follow","max-snippet":"max-snippet:-1","max-image-preview":"max-image-preview:large","max-video-preview":"max-video-preview:-1"},"canonical":"https:\/\/domaine-de-fremigny.com\/espace-travail\/le-chateau\/","og_locale":"en_US","og_type":"article","og_title":"Ch\u00e2teau - Domaine de Fr\u00e9migny","og_description":"The 18th-century ch\u00e2teau and its two modern wings house 298 rooms:40 meeting rooms3 lounges for private dining1 lounge barBuffet le Domaine restaurant A Nespresso cornerReception and luggage room","og_url":"https:\/\/domaine-de-fremigny.com\/espace-travail\/le-chateau\/","og_site_name":"Domaine de Fr\u00e9migny","article_modified_time":"2025-10-29T11:00:44+00:00","twitter_card":"summary_large_image","twitter_misc":{"Est. reading time":"9 minutes"},"schema":{"@context":"https:\/\/schema.org","@graph":[{"@type":"WebPage","@id":"https:\/\/domaine-de-fremigny.com\/espace-travail\/le-chateau\/","url":"https:\/\/domaine-de-fremigny.com\/espace-travail\/le-chateau\/","name":"Ch\u00e2teau - Domaine de Fr\u00e9migny","isPartOf":{"@id":"https:\/\/domaine-de-fremigny.com\/#website"},"datePublished":"2024-10-18T16:45:58+00:00","dateModified":"2025-10-29T11:00:44+00:00","breadcrumb":{"@id":"https:\/\/domaine-de-fremigny.com\/espace-travail\/le-chateau\/#breadcrumb"},"inLanguage":"en-US","potentialAction":[{"@type":"ReadAction","target":["https:\/\/domaine-de-fremigny.com\/espace-travail\/le-chateau\/"]}]},{"@type":"BreadcrumbList","@id":"https:\/\/domaine-de-fremigny.com\/espace-travail\/le-chateau\/#breadcrumb","itemListElement":[{"@type":"ListItem","position":1,"name":"Accueil","item":"https:\/\/domaine-de-fremigny.com\/en\/"},{"@type":"ListItem","position":2,"name":"Seminars &amp; events","item":"https:\/\/domaine-de-fremigny.com\/en\/seminars-events\/"},{"@type":"ListItem","position":3,"name":"Ch\u00e2teau"}]},{"@type":"WebSite","@id":"https:\/\/domaine-de-fremigny.com\/#website","url":"https:\/\/domaine-de-fremigny.com\/","name":"Domaine de Fr\u00e9migny","description":"","potentialAction":[{"@type":"SearchAction","target":{"@type":"EntryPoint","urlTemplate":"https:\/\/domaine-de-fremigny.com\/?s={search_term_string}"},"query-input":{"@type":"PropertyValueSpecification","valueRequired":true,"valueName":"search_term_string"}}],"inLanguage":"en-US"}]}},"_links":{"self":[{"href":"https:\/\/domaine-de-fremigny.com\/en\/wp-json\/wp\/v2\/pages\/3483","targetHints":{"allow":["GET"]}}],"collection":[{"href":"https:\/\/domaine-de-fremigny.com\/en\/wp-json\/wp\/v2\/pages"}],"about":[{"href":"https:\/\/domaine-de-fremigny.com\/en\/wp-json\/wp\/v2\/types\/page"}],"author":[{"embeddable":true,"href":"https:\/\/domaine-de-fremigny.com\/en\/wp-json\/wp\/v2\/users\/2"}],"replies":[{"embeddable":true,"href":"https:\/\/domaine-de-fremigny.com\/en\/wp-json\/wp\/v2\/comments?post=3483"}],"version-history":[{"count":9,"href":"https:\/\/domaine-de-fremigny.com\/en\/wp-json\/wp\/v2\/pages\/3483\/revisions"}],"predecessor-version":[{"id":4068,"href":"https:\/\/domaine-de-fremigny.com\/en\/wp-json\/wp\/v2\/pages\/3483\/revisions\/4068"}],"up":[{"embeddable":true,"href":"https:\/\/domaine-de-fremigny.com\/en\/wp-json\/wp\/v2\/pages\/3322"}],"wp:attachment":[{"href":"https:\/\/domaine-de-fremigny.com\/en\/wp-json\/wp\/v2\/media?parent=3483"}],"curies":[{"name":"wp","href":"https:\/\/api.w.org\/{rel}","templated":true}]}}